{"id":718,"date":"2022-05-13T17:47:22","date_gmt":"2022-05-13T17:47:22","guid":{"rendered":"https:\/\/iteck.smartinnovates.com\/demo5\/?page_id=718"},"modified":"2024-04-08T21:05:02","modified_gmt":"2024-04-08T21:05:02","slug":"fale-conosco","status":"publish","type":"page","link":"https:\/\/condovillage.com.br\/teste\/fale-conosco\/","title":{"rendered":"Fale Conosco"},"content":{"rendered":"\t\t<div data-elementor-type=\"wp-page\" data-elementor-id=\"718\" class=\"elementor elementor-718\">\n\t\t\t\t\t\t\t\t\t<section class=\"elementor-section elementor-top-section elementor-element elementor-element-86f4b3f elementor-section-boxed elementor-section-height-default elementor-section-height-default\" data-id=\"86f4b3f\" data-element_type=\"section\">\n\t\t\t\t\t\t<div class=\"elementor-container elementor-column-gap-default\">\n\t\t\t\t\t<div class=\"elementor-column elementor-col-100 elementor-top-column elementor-element elementor-element-2604546\" data-id=\"2604546\" data-element_type=\"column\">\n\t\t\t<div class=\"elementor-widget-wrap elementor-element-populated\">\n\t\t\t\t\t\t\t\t<section class=\"elementor-section elementor-inner-section elementor-element elementor-element-e37d53c elementor-section-boxed elementor-section-height-default elementor-section-height-default\" data-id=\"e37d53c\" data-element_type=\"section\">\n\t\t\t\t\t\t<div class=\"elementor-container elementor-column-gap-default\">\n\t\t\t\t\t<div class=\"elementor-column elementor-col-100 elementor-inner-column elementor-element elementor-element-2ec3d95\" data-id=\"2ec3d95\" data-element_type=\"column\">\n\t\t\t<div class=\"elementor-widget-wrap elementor-element-populated\">\n\t\t\t\t\t\t\t\t<div class=\"elementor-element elementor-element-0301cd9 iteck-color elementor-widget elementor-widget-iteck-heading\" data-id=\"0301cd9\" data-element_type=\"widget\" data-widget_type=\"iteck-heading.default\">\n\t\t\t\t<div class=\"elementor-widget-container\">\n\t\t\t<h2 class=\"iteck-heading iteck-underline-color\">Entrar em <span>Contato<\/span><\/h2>\t\t<\/div>\n\t\t\t\t<\/div>\n\t\t\t\t<div class=\"elementor-element elementor-element-57693af elementor-widget elementor-widget-iteck-heading\" data-id=\"57693af\" data-element_type=\"widget\" data-widget_type=\"iteck-heading.default\">\n\t\t\t\t<div class=\"elementor-widget-container\">\n\t\t\t<p class=\"iteck-heading\">Entraremos em contato ap\u00f3s receber sua solicita\u00e7\u00e3o em 24h. <span>Clique no Whatsapp abaixo.<\/span><\/p>\t\t<\/div>\n\t\t\t\t<\/div>\n\t\t\t\t\t<\/div>\n\t\t<\/div>\n\t\t\t\t\t\t\t<\/div>\n\t\t<\/section>\n\t\t\t\t<div class=\"elementor-element elementor-element-af51dae elementor-widget elementor-widget-iteck-heading\" data-id=\"af51dae\" data-element_type=\"widget\" data-widget_type=\"iteck-heading.default\">\n\t\t\t\t<div class=\"elementor-widget-container\">\n\t\t\t<h3 class=\"iteck-heading\"><a href=\"https:\/\/wa.me\/5511970530952\" target=\"_blank\">+55  11 97053-0952<\/a><\/h3>\t\t<\/div>\n\t\t\t\t<\/div>\n\t\t\t\t<div class=\"elementor-element elementor-element-8cc9c69 elementor-widget elementor-widget-iteck-heading\" data-id=\"8cc9c69\" data-element_type=\"widget\" data-widget_type=\"iteck-heading.default\">\n\t\t\t\t<div class=\"elementor-widget-container\">\n\t\t\t<h4 class=\"iteck-heading\"><a href=\"mailto:contato@condovillage.com.br\" target=\"_blank\">contato@condovillage.com.br<\/a><\/h4>\t\t<\/div>\n\t\t\t\t<\/div>\n\t\t\t\t<div class=\"elementor-element elementor-element-7d398d4 elementor-widget elementor-widget-iteck-heading\" data-id=\"7d398d4\" data-element_type=\"widget\" data-widget_type=\"iteck-heading.default\">\n\t\t\t\t<div class=\"elementor-widget-container\">\n\t\t\t<h4 class=\"iteck-heading\">S\u00e3o Paulo e Grande S\u00e3o Paulo<\/h4>\t\t<\/div>\n\t\t\t\t<\/div>\n\t\t\t\t\t<\/div>\n\t\t<\/div>\n\t\t\t\t\t\t\t<\/div>\n\t\t<\/section>\n\t\t\t\t<section class=\"elementor-section elementor-top-section elementor-element elementor-element-8b42bb7 elementor-hidden-desktop elementor-hidden-tablet elementor-hidden-mobile elementor-section-boxed elementor-section-height-default elementor-section-height-default\" data-id=\"8b42bb7\" data-element_type=\"section\">\n\t\t\t\t\t\t<div class=\"elementor-container elementor-column-gap-default\">\n\t\t\t\t\t<div class=\"elementor-column elementor-col-100 elementor-top-column elementor-element elementor-element-b7b6eb7\" data-id=\"b7b6eb7\" data-element_type=\"column\">\n\t\t\t<div class=\"elementor-widget-wrap elementor-element-populated\">\n\t\t\t\t\t\t\t\t<section class=\"elementor-section elementor-inner-section elementor-element elementor-element-c9c0ebe elementor-section-boxed elementor-section-height-default elementor-section-height-default\" data-id=\"c9c0ebe\" data-element_type=\"section\">\n\t\t\t\t\t\t<div class=\"elementor-container elementor-column-gap-default\">\n\t\t\t\t\t<div class=\"elementor-column elementor-col-100 elementor-inner-column elementor-element elementor-element-3c37ca8\" data-id=\"3c37ca8\" data-element_type=\"column\">\n\t\t\t<div class=\"elementor-widget-wrap elementor-element-populated\">\n\t\t\t\t\t\t\t\t<div class=\"elementor-element elementor-element-8c6014f iteck-color elementor-widget elementor-widget-iteck-heading\" data-id=\"8c6014f\" data-element_type=\"widget\" data-widget_type=\"iteck-heading.default\">\n\t\t\t\t<div class=\"elementor-widget-container\">\n\t\t\t<h2 class=\"iteck-heading iteck-underline-color\">Get In <span>Touch<\/span><\/h2>\t\t<\/div>\n\t\t\t\t<\/div>\n\t\t\t\t<div class=\"elementor-element elementor-element-1765a14 elementor-widget elementor-widget-iteck-heading\" data-id=\"1765a14\" data-element_type=\"widget\" data-widget_type=\"iteck-heading.default\">\n\t\t\t\t<div class=\"elementor-widget-container\">\n\t\t\t<p class=\"iteck-heading\">We will contact again after receive your request in 24h\n\n<\/p>\t\t<\/div>\n\t\t\t\t<\/div>\n\t\t\t\t\t<\/div>\n\t\t<\/div>\n\t\t\t\t\t\t\t<\/div>\n\t\t<\/section>\n\t\t\t\t<section class=\"elementor-section elementor-inner-section elementor-element elementor-element-f31bead elementor-section-boxed elementor-section-height-default elementor-section-height-default\" data-id=\"f31bead\" data-element_type=\"section\">\n\t\t\t\t\t\t<div class=\"elementor-container elementor-column-gap-default\">\n\t\t\t\t\t<div class=\"elementor-column elementor-col-33 elementor-inner-column elementor-element elementor-element-da57d67\" data-id=\"da57d67\" data-element_type=\"column\">\n\t\t\t<div class=\"elementor-widget-wrap elementor-element-populated\">\n\t\t\t\t\t\t\t\t<div class=\"elementor-element elementor-element-48fd20c iteck-image-animation-scale-up-down elementor-widget__width-initial elementor-widget elementor-widget-iteck-image\" data-id=\"48fd20c\" data-element_type=\"widget\" data-widget_type=\"iteck-image.default\">\n\t\t\t\t<div class=\"elementor-widget-container\">\n\t\t\t\r\n\t\t<div class=\"iteck-image\">\r\n\r\n\t\t\t\t\t\t\t\t\t\t\t\t\t\t\t\t\t\t<img loading=\"lazy\" decoding=\"async\" width=\"85\" height=\"67\" src=\"https:\/\/condovillage.com.br\/teste\/wp-content\/uploads\/2022\/06\/contact_message-2.png\" class=\"attachment-large size-large wp-image-2595\" alt=\"\" \/>\t\t\t\t\t\t\t\t\t\t\t\t\t\t\t\r\n\t\t<\/div>\r\n\r\n\t\t\t\t<\/div>\n\t\t\t\t<\/div>\n\t\t\t\t<div class=\"elementor-element elementor-element-e7b582e elementor-widget__width-initial elementor-widget elementor-widget-iteck-heading\" data-id=\"e7b582e\" data-element_type=\"widget\" data-widget_type=\"iteck-heading.default\">\n\t\t\t\t<div class=\"elementor-widget-container\">\n\t\t\t<h5 class=\"iteck-heading\">contact@Iteck.com<\/h5>\t\t<\/div>\n\t\t\t\t<\/div>\n\t\t\t\t\t<\/div>\n\t\t<\/div>\n\t\t\t\t<div class=\"elementor-column elementor-col-33 elementor-inner-column elementor-element elementor-element-34055d3\" data-id=\"34055d3\" data-element_type=\"column\">\n\t\t\t<div class=\"elementor-widget-wrap elementor-element-populated\">\n\t\t\t\t\t\t\t\t<div class=\"elementor-element elementor-element-f3d64a4 iteck-image-animation-scale-up-down elementor-widget__width-initial elementor-widget elementor-widget-iteck-image\" data-id=\"f3d64a4\" data-element_type=\"widget\" data-widget_type=\"iteck-image.default\">\n\t\t\t\t<div class=\"elementor-widget-container\">\n\t\t\t\r\n\t\t<div class=\"iteck-image\">\r\n\r\n\t\t\t\t\t\t\t\t\t\t\t\t\t\t\t\t\t\t<img loading=\"lazy\" decoding=\"async\" width=\"51\" height=\"82\" src=\"https:\/\/condovillage.com.br\/teste\/wp-content\/uploads\/2022\/04\/7-1.png\" class=\"attachment-large size-large wp-image-431\" alt=\"\" \/>\t\t\t\t\t\t\t\t\t\t\t\t\t\t\t\r\n\t\t<\/div>\r\n\r\n\t\t\t\t<\/div>\n\t\t\t\t<\/div>\n\t\t\t\t<div class=\"elementor-element elementor-element-34cf41e elementor-widget__width-initial elementor-widget elementor-widget-iteck-heading\" data-id=\"34cf41e\" data-element_type=\"widget\" data-widget_type=\"iteck-heading.default\">\n\t\t\t\t<div class=\"elementor-widget-container\">\n\t\t\t<h5 class=\"iteck-heading\">58 Howard St, Toronto<\/h5>\t\t<\/div>\n\t\t\t\t<\/div>\n\t\t\t\t\t<\/div>\n\t\t<\/div>\n\t\t\t\t<div class=\"elementor-column elementor-col-33 elementor-inner-column elementor-element elementor-element-a28000c\" data-id=\"a28000c\" data-element_type=\"column\">\n\t\t\t<div class=\"elementor-widget-wrap elementor-element-populated\">\n\t\t\t\t\t\t\t\t<div class=\"elementor-element elementor-element-1aae5f1 iteck-image-animation-scale-up-down elementor-widget__width-initial elementor-widget elementor-widget-iteck-image\" data-id=\"1aae5f1\" data-element_type=\"widget\" data-widget_type=\"iteck-image.default\">\n\t\t\t\t<div class=\"elementor-widget-container\">\n\t\t\t\r\n\t\t<div class=\"iteck-image\">\r\n\r\n\t\t\t\t\t\t\t\t\t\t\t\t\t\t\t\t\t\t<img loading=\"lazy\" decoding=\"async\" width=\"52\" height=\"47\" src=\"https:\/\/condovillage.com.br\/teste\/wp-content\/uploads\/2022\/04\/message3d.png\" class=\"attachment-large size-large wp-image-172\" alt=\"\" \/>\t\t\t\t\t\t\t\t\t\t\t\t\t\t\t\r\n\t\t<\/div>\r\n\r\n\t\t\t\t<\/div>\n\t\t\t\t<\/div>\n\t\t\t\t<div class=\"elementor-element elementor-element-2888452 elementor-widget__width-initial elementor-widget elementor-widget-iteck-heading\" data-id=\"2888452\" data-element_type=\"widget\" data-widget_type=\"iteck-heading.default\">\n\t\t\t\t<div class=\"elementor-widget-container\">\n\t\t\t<h5 class=\"iteck-heading\">(+23) 5535 68 68<\/h5>\t\t<\/div>\n\t\t\t\t<\/div>\n\t\t\t\t\t<\/div>\n\t\t<\/div>\n\t\t\t\t\t\t\t<\/div>\n\t\t<\/section>\n\t\t\t\t\t<\/div>\n\t\t<\/div>\n\t\t\t\t\t\t\t<\/div>\n\t\t<\/section>\n\t\t\t\t<section class=\"elementor-section elementor-top-section elementor-element elementor-element-79b871a elementor-section-boxed elementor-section-height-default elementor-section-height-default\" data-id=\"79b871a\" data-element_type=\"section\">\n\t\t\t\t\t\t<div class=\"elementor-container elementor-column-gap-default\">\n\t\t\t\t\t<div class=\"elementor-column elementor-col-100 elementor-top-column elementor-element elementor-element-68c1afd\" data-id=\"68c1afd\" data-element_type=\"column\">\n\t\t\t<div class=\"elementor-widget-wrap elementor-element-populated\">\n\t\t\t\t\t\t\t\t<section class=\"elementor-section elementor-inner-section elementor-element elementor-element-67416f8 elementor-section-boxed elementor-section-height-default elementor-section-height-default\" data-id=\"67416f8\" data-element_type=\"section\" data-settings=\"{&quot;background_background&quot;:&quot;gradient&quot;}\">\n\t\t\t\t\t\t<div class=\"elementor-container elementor-column-gap-default\">\n\t\t\t\t\t<div class=\"elementor-column elementor-col-16 elementor-inner-column elementor-element elementor-element-e7d9da5\" data-id=\"e7d9da5\" data-element_type=\"column\">\n\t\t\t<div class=\"elementor-widget-wrap\">\n\t\t\t\t\t\t\t\t\t<\/div>\n\t\t<\/div>\n\t\t\t\t<div class=\"elementor-column elementor-col-66 elementor-inner-column elementor-element elementor-element-a118a44\" data-id=\"a118a44\" data-element_type=\"column\">\n\t\t\t<div class=\"elementor-widget-wrap elementor-element-populated\">\n\t\t\t\t\t\t\t\t<div class=\"elementor-element elementor-element-df02953 elementor-widget elementor-widget-iteck-heading\" data-id=\"df02953\" data-element_type=\"widget\" data-widget_type=\"iteck-heading.default\">\n\t\t\t\t<div class=\"elementor-widget-container\">\n\t\t\t<p class=\"iteck-heading\">Campos com * \u00e9 obrigat\u00f3rio seu preenchimento<\/p>\t\t<\/div>\n\t\t\t\t<\/div>\n\t\t\t\t<div class=\"elementor-element elementor-element-866e17f elementor-widget elementor-widget-iteck-contact-form\" data-id=\"866e17f\" data-element_type=\"widget\" data-widget_type=\"iteck-contact-form.default\">\n\t\t\t\t<div class=\"elementor-widget-container\">\n\t\t\t\r\n\t\t<div class=\"iteck-contact-shortcode button-center\"><div class=\"wpcf7 no-js\" id=\"wpcf7-f735-o1\" lang=\"en-US\" dir=\"ltr\">\n<div class=\"screen-reader-response\"><p role=\"status\" aria-live=\"polite\" aria-atomic=\"true\"><\/p> <ul><\/ul><\/div>\n<form action=\"\/teste\/wp-json\/wp\/v2\/pages\/718#wpcf7-f735-o1\" method=\"post\" class=\"wpcf7-form init\" aria-label=\"Contact form\" novalidate=\"novalidate\" data-status=\"init\">\n<div style=\"display: none;\">\n<input type=\"hidden\" name=\"_wpcf7\" value=\"735\" \/>\n<input type=\"hidden\" name=\"_wpcf7_version\" value=\"5.7\" \/>\n<input type=\"hidden\" name=\"_wpcf7_locale\" value=\"en_US\" \/>\n<input type=\"hidden\" name=\"_wpcf7_unit_tag\" value=\"wpcf7-f735-o1\" \/>\n<input type=\"hidden\" name=\"_wpcf7_container_post\" value=\"0\" \/>\n<input type=\"hidden\" name=\"_wpcf7_posted_data_hash\" value=\"\" \/>\n<\/div>\n<div class=\"row\">\n\t<p><br \/>\n\t<\/p>\n\t<div class=\"col-lg-6\">\n\t\t<p><span class=\"wpcf7-form-control-wrap\" data-name=\"your-name\"><input size=\"40\" class=\"wpcf7-form-control wpcf7-text wpcf7-validates-as-required col-lg-12\" aria-required=\"true\" aria-invalid=\"false\" placeholder=\"Nome\" value=\"\" type=\"text\" name=\"your-name\" \/><\/span>\n\t\t<\/p>\n\t<\/div>\n\t<p><br \/>\n\t<\/p>\n\t<div class=\"col-lg-6\">\n\t\t<p><span class=\"wpcf7-form-control-wrap\" data-name=\"your-email\"><input size=\"40\" class=\"wpcf7-form-control wpcf7-text wpcf7-email wpcf7-validates-as-required wpcf7-validates-as-email col-lg-12\" aria-required=\"true\" aria-invalid=\"false\" placeholder=\"E-mail\" value=\"\" type=\"email\" name=\"your-email\" \/><\/span>\n\t\t<\/p>\n\t<\/div>\n\t<p><br \/>\n\t<\/p>\n\t<div class=\"col-lg-6\">\n\t\t<p><span class=\"wpcf7-form-control-wrap\" data-name=\"phone-number\"><input size=\"40\" class=\"wpcf7-form-control wpcf7-text wpcf7-tel wpcf7-validates-as-tel\" aria-invalid=\"false\" placeholder=\"Celular (Whatsapp)\" value=\"\" type=\"tel\" name=\"phone-number\" \/><\/span>\n\t\t<\/p>\n\t<\/div>\n\t<p><br \/>\n\t<\/p>\n\t<div class=\"col-lg-6\">\n\t\t<p><span class=\"wpcf7-form-control-wrap\" data-name=\"your-website\"><input size=\"40\" class=\"wpcf7-form-control wpcf7-text wpcf7-url wpcf7-validates-as-url\" aria-invalid=\"false\" placeholder=\"Seu Site (opcional)\" value=\"\" type=\"url\" name=\"your-website\" \/><\/span>\n\t\t<\/p>\n\t<\/div>\n\t<p><br \/>\n\t<\/p>\n\t<div class=\"col-lg-12\">\n\t\t<p><span class=\"wpcf7-form-control-wrap\" data-name=\"subject\"><select class=\"wpcf7-form-control wpcf7-select wpcf7-validates-as-required\" aria-required=\"true\" aria-invalid=\"false\" name=\"subject\"><option value=\"Tipo de Contato\">Tipo de Contato<\/option><option value=\"S\u00edndico\">S\u00edndico<\/option><option value=\"Administradora\">Administradora<\/option><option value=\"Gestor\">Gestor<\/option><\/select><\/span>\n\t\t<\/p>\n\t<\/div>\n\t<p><br \/>\n\t<\/p>\n\t<div class=\"col-lg-12\">\n\t\t<p><span class=\"wpcf7-form-control-wrap\" data-name=\"your-message\"><textarea cols=\"40\" rows=\"10\" class=\"wpcf7-form-control wpcf7-textarea col-lg-12\" aria-invalid=\"false\" placeholder=\"Mensagem\" name=\"your-message\"><\/textarea><\/span>\n\t\t<\/p>\n\t<\/div>\n\t<p><br \/>\n\t<\/p>\n\t<div class=\"col-lg-12\">\n\t\t<p><span class=\"wpcf7-form-control-wrap\" data-name=\"checkbox\"><span class=\"wpcf7-form-control wpcf7-checkbox wpcf7-validates-as-required\"><span class=\"wpcf7-list-item first last\"><input type=\"checkbox\" name=\"checkbox[]\" value=\"Condordo com os termos de privacidade LGPD\" tabindex=\"\" \/><span class=\"wpcf7-list-item-label\">Condordo com os termos de privacidade LGPD<\/span><\/span><\/span><\/span>\n\t\t<\/p>\n\t<\/div>\n\t<p><br \/>\n\t<\/p>\n\t<div class=\"col-lg-12\">\n\t\t<p><input class=\"wpcf7-form-control has-spinner wpcf7-submit\" type=\"submit\" value=\"Envie sua Quest\u00e3o\" \/>\n\t\t<\/p>\n\t<\/div>\n\t<p><br \/>\n\t<\/p>\n<\/div><div class=\"wpcf7-response-output\" aria-hidden=\"true\"><\/div><\/form><\/div><\/div>\r\n\t\r\n\t\t\t\t<\/div>\n\t\t\t\t<\/div>\n\t\t\t\t\t<\/div>\n\t\t<\/div>\n\t\t\t\t<div class=\"elementor-column elementor-col-16 elementor-inner-column elementor-element elementor-element-777c685\" data-id=\"777c685\" data-element_type=\"column\">\n\t\t\t<div class=\"elementor-widget-wrap\">\n\t\t\t\t\t\t\t\t\t<\/div>\n\t\t<\/div>\n\t\t\t\t\t\t\t<\/div>\n\t\t<\/section>\n\t\t\t\t<div class=\"elementor-element elementor-element-85966f8 elementor-widget__width-initial elementor-absolute iteck-image-animation-none elementor-widget elementor-widget-iteck-image\" data-id=\"85966f8\" data-element_type=\"widget\" data-settings=\"{&quot;_position&quot;:&quot;absolute&quot;}\" data-widget_type=\"iteck-image.default\">\n\t\t\t\t<div class=\"elementor-widget-container\">\n\t\t\t\r\n\t\t<div class=\"iteck-image\">\r\n\r\n\t\t\t\t\t\t\t\t\t\t\t\t\t\t\t\t\t\t<img loading=\"lazy\" decoding=\"async\" width=\"357\" height=\"357\" src=\"https:\/\/condovillage.com.br\/teste\/wp-content\/uploads\/2022\/05\/contact_message.png\" class=\"attachment-full size-full wp-image-737\" alt=\"\" \/>\t\t\t\t\t\t\t\t\t\t\t\t\t\t\t\r\n\t\t<\/div>\r\n\r\n\t\t\t\t<\/div>\n\t\t\t\t<\/div>\n\t\t\t\t<div class=\"elementor-element elementor-element-e8f7183 elementor-widget__width-initial elementor-absolute iteck-image-animation-none elementor-widget elementor-widget-iteck-image\" data-id=\"e8f7183\" data-element_type=\"widget\" data-settings=\"{&quot;_position&quot;:&quot;absolute&quot;}\" data-widget_type=\"iteck-image.default\">\n\t\t\t\t<div class=\"elementor-widget-container\">\n\t\t\t\r\n\t\t<div class=\"iteck-image\">\r\n\r\n\t\t\t\t\t\t\t\t\t\t\t\t\t\t\t\t\t\t<img loading=\"lazy\" decoding=\"async\" width=\"204\" height=\"270\" src=\"https:\/\/condovillage.com.br\/teste\/wp-content\/uploads\/2022\/05\/contact_a.png\" class=\"attachment-full size-full wp-image-738\" alt=\"\" \/>\t\t\t\t\t\t\t\t\t\t\t\t\t\t\t\r\n\t\t<\/div>\r\n\r\n\t\t\t\t<\/div>\n\t\t\t\t<\/div>\n\t\t\t\t\t<\/div>\n\t\t<\/div>\n\t\t\t\t\t\t\t<\/div>\n\t\t<\/section>\n\t\t\t\t<section class=\"elementor-section elementor-top-section elementor-element elementor-element-d25d03e elementor-section-full_width elementor-section-height-default elementor-section-height-default\" data-id=\"d25d03e\" data-element_type=\"section\">\n\t\t\t\t\t\t<div class=\"elementor-container elementor-column-gap-no\">\n\t\t\t\t\t<div class=\"elementor-column elementor-col-100 elementor-top-column elementor-element elementor-element-27e855f\" data-id=\"27e855f\" data-element_type=\"column\">\n\t\t\t<div class=\"elementor-widget-wrap elementor-element-populated\">\n\t\t\t\t\t\t\t\t<div class=\"elementor-element elementor-element-173cb54 map-default elementor-widget elementor-widget-google_maps\" data-id=\"173cb54\" data-element_type=\"widget\" data-widget_type=\"google_maps.default\">\n\t\t\t\t<div class=\"elementor-widget-container\">\n\t\t\t<style>\/*! elementor - v3.9.0 - 06-12-2022 *\/\n.elementor-widget-google_maps .elementor-widget-container{overflow:hidden}.elementor-widget-google_maps iframe{height:300px}<\/style>\t\t<div class=\"elementor-custom-embed\">\n\t\t\t<iframe \n\t\t\t\t\tsrc=\"https:\/\/maps.google.com\/maps?q=S%C3%A3o%20Paulo%2C%20Grande%20S%C3%A3o%20Paulo%20BR&#038;t=m&#038;z=10&#038;output=embed&#038;iwloc=near\"\n\t\t\t\t\ttitle=\"S\u00e3o Paulo, Grande S\u00e3o Paulo BR\"\n\t\t\t\t\taria-label=\"S\u00e3o Paulo, Grande S\u00e3o Paulo BR\"\n\t\t\t><\/iframe>\n\t\t<\/div>\n\t\t\t\t<\/div>\n\t\t\t\t<\/div>\n\t\t\t\t\t<\/div>\n\t\t<\/div>\n\t\t\t\t\t\t\t<\/div>\n\t\t<\/section>\n\t\t\t\t\t\t\t<\/div>\n\t\t","protected":false},"excerpt":{"rendered":"<p>Entrar em Contato Entraremos em contato ap\u00f3s receber sua solicita\u00e7\u00e3o em 24h. Clique no Whatsapp abaixo. +55 11 97053-0952 contato@condovillage.com.br S\u00e3o Paulo e Grande S\u00e3o Paulo Get In Touch We will contact again after receive your request in 24h contact@Iteck.com 58 Howard St, Toronto (+23) 5535 68 68 Campos com * \u00e9 obrigat\u00f3rio seu preenchimento Your inquiry aboutOneTwoThree By submitting, &hellip;<\/p>\n","protected":false},"author":1,"featured_media":0,"parent":0,"menu_order":0,"comment_status":"closed","ping_status":"closed","template":"blank-builder.php","meta":{"footnotes":""},"class_list":["post-718","page","type-page","status-publish","hentry"],"_links":{"self":[{"href":"https:\/\/condovillage.com.br\/teste\/wp-json\/wp\/v2\/pages\/718","targetHints":{"allow":["GET"]}}],"collection":[{"href":"https:\/\/condovillage.com.br\/teste\/wp-json\/wp\/v2\/pages"}],"about":[{"href":"https:\/\/condovillage.com.br\/teste\/wp-json\/wp\/v2\/types\/page"}],"author":[{"embeddable":true,"href":"https:\/\/condovillage.com.br\/teste\/wp-json\/wp\/v2\/users\/1"}],"replies":[{"embeddable":true,"href":"https:\/\/condovillage.com.br\/teste\/wp-json\/wp\/v2\/comments?post=718"}],"version-history":[{"count":29,"href":"https:\/\/condovillage.com.br\/teste\/wp-json\/wp\/v2\/pages\/718\/revisions"}],"predecessor-version":[{"id":2947,"href":"https:\/\/condovillage.com.br\/teste\/wp-json\/wp\/v2\/pages\/718\/revisions\/2947"}],"wp:attachment":[{"href":"https:\/\/condovillage.com.br\/teste\/wp-json\/wp\/v2\/media?parent=718"}],"curies":[{"name":"wp","href":"https:\/\/api.w.org\/{rel}","templated":true}]}}